{"id":19443,"date":"2025-12-22T10:24:20","date_gmt":"2025-12-22T09:24:20","guid":{"rendered":"https:\/\/pruebas.festivalbucles.com\/vl-formulari-inscripcio-events\/"},"modified":"2026-03-11T20:37:22","modified_gmt":"2026-03-11T19:37:22","slug":"formulario-inscripcio-events","status":"publish","type":"page","link":"https:\/\/pruebas.festivalbucles.com\/vl\/formulario-inscripcio-events\/","title":{"rendered":"Formulari Inscripci\u00f3 events Festival Bucles"},"content":{"rendered":"\t\t<div data-elementor-type=\"wp-page\" data-elementor-id=\"19443\" class=\"elementor elementor-19443 elementor-16888\" data-elementor-post-type=\"page\">\n\t\t\t\t<div class=\"elementor-element elementor-element-7a97772 e-flex e-con-boxed e-con e-parent\" data-id=\"7a97772\" data-element_type=\"container\" data-e-type=\"container\" data-settings=\"{&quot;background_background&quot;:&quot;gradient&quot;}\">\n\t\t\t\t\t<div class=\"e-con-inner\">\n\t\t\t\t<div class=\"elementor-element elementor-element-99bd678 elementor-widget elementor-widget-heading\" data-id=\"99bd678\" data-element_type=\"widget\" data-e-type=\"widget\" data-widget_type=\"heading.default\">\n\t\t\t\t\t<h1 class=\"elementor-heading-title elementor-size-default\">Vols vindre a un esdeveniment?<\/h1>\t\t\t\t<\/div>\n\t\t\t\t<div class=\"elementor-element elementor-element-c7251d2 elementor-widget__width-initial elementor-widget elementor-widget-text-editor\" data-id=\"c7251d2\" data-element_type=\"widget\" data-e-type=\"widget\" data-widget_type=\"text-editor.default\">\n\t\t\t\t\t\t\t\t\tSi vols acudir a algun d&#8217;estos esdeveniments, per favor, emplena les teues dades en el formulari per a sol\u00b7licitar l&#8217;entrada. En breu ens posarem en contacte amb tu: \t\t\t\t\t\t\t\t<\/div>\n\t\t\t\t<div class=\"elementor-element elementor-element-b0a4bcb elementor-widget elementor-widget-heading\" data-id=\"b0a4bcb\" data-element_type=\"widget\" data-e-type=\"widget\" data-widget_type=\"heading.default\">\n\t\t\t\t\t<h2 class=\"elementor-heading-title elementor-size-default\">Replena este formulari<\/h2>\t\t\t\t<\/div>\n\t\t\t\t<div class=\"elementor-element elementor-element-48ea42b elementor-widget__width-initial elementor-button-align-stretch elementor-widget elementor-widget-form\" data-id=\"48ea42b\" data-element_type=\"widget\" data-e-type=\"widget\" data-settings=\"{&quot;step_next_label&quot;:&quot;Seg\\u00fcent&quot;,&quot;step_previous_label&quot;:&quot;Anterior&quot;,&quot;button_width&quot;:&quot;100&quot;,&quot;step_type&quot;:&quot;number_text&quot;,&quot;step_icon_shape&quot;:&quot;circle&quot;}\" data-widget_type=\"form.default\">\n\t\t\t\t\t\t\t<form class=\"elementor-form\" method=\"post\" name=\"Nou formulari\" aria-label=\"Nou formulari\">\n\t\t\t<input type=\"hidden\" name=\"post_id\" value=\"19443\"\/>\n\t\t\t<input type=\"hidden\" name=\"form_id\" value=\"48ea42b\"\/>\n\t\t\t<input type=\"hidden\" name=\"referer_title\" value=\"Formulari Inscripci\u00f3 Events Festival Bucles &bull; Festival Bucles\" \/>\n\n\t\t\t\t\t\t\t<input type=\"hidden\" name=\"queried_id\" value=\"19443\"\/>\n\t\t\t\n\t\t\t<div class=\"elementor-form-fields-wrapper elementor-labels-above\">\n\t\t\t\t\t\t\t\t<div class=\"elementor-field-type-radio elementor-field-group elementor-column elementor-field-group-field_d743b28 elementor-col-100 elementor-field-required elementor-mark-required\">\n\t\t\t\t\t\t\t\t\t\t\t\t<label for=\"form-field-field_d743b28\" class=\"elementor-field-label\">\n\t\t\t\t\t\t\t\tTria el teu esdeveniment:\t\t\t\t\t\t\t<\/label>\n\t\t\t\t\t\t<div class=\"elementor-field-subgroup  \"><span class=\"elementor-field-option\"><input type=\"radio\" value=\"Visita guiada\" id=\"form-field-field_d743b28-0\" name=\"form_fields[field_d743b28]\" required=\"required\"> <label for=\"form-field-field_d743b28-0\">Visita guiada<\/label><\/span><span class=\"elementor-field-option\"><input type=\"radio\" value=\"Taller\" id=\"form-field-field_d743b28-1\" name=\"form_fields[field_d743b28]\" required=\"required\"> <label for=\"form-field-field_d743b28-1\">Taller<\/label><\/span><span class=\"elementor-field-option\"><input type=\"radio\" value=\"Yoga\" id=\"form-field-field_d743b28-2\" name=\"form_fields[field_d743b28]\" required=\"required\"> <label for=\"form-field-field_d743b28-2\">Yoga<\/label><\/span><span class=\"elementor-field-option\"><input type=\"radio\" value=\"Cine\" id=\"form-field-field_d743b28-3\" name=\"form_fields[field_d743b28]\" required=\"required\"> <label for=\"form-field-field_d743b28-3\">Cine<\/label><\/span><span class=\"elementor-field-option\"><input type=\"radio\" value=\"Loquesea\" id=\"form-field-field_d743b28-4\" name=\"form_fields[field_d743b28]\" required=\"required\"> <label for=\"form-field-field_d743b28-4\">Loquesea<\/label><\/span><\/div>\t\t\t\t<\/div>\n\t\t\t\t\t\t\t\t<div class=\"elementor-field-type-text elementor-field-group elementor-column elementor-field-group-name elementor-col-100\">\n\t\t\t\t\t\t\t\t\t\t\t\t\t<input size=\"1\" type=\"text\" name=\"form_fields[name]\" id=\"form-field-name\" class=\"elementor-field elementor-size-sm  elementor-field-textual\" placeholder=\"Nom\">\n\t\t\t\t\t\t\t\t\t\t\t<\/div>\n\t\t\t\t\t\t\t\t<div class=\"elementor-field-type-email elementor-field-group elementor-column elementor-field-group-email elementor-col-100 elementor-field-required elementor-mark-required\">\n\t\t\t\t\t\t\t\t\t\t\t\t\t<input size=\"1\" type=\"email\" name=\"form_fields[email]\" id=\"form-field-email\" class=\"elementor-field elementor-size-sm  elementor-field-textual\" placeholder=\"Email\" required=\"required\">\n\t\t\t\t\t\t\t\t\t\t\t<\/div>\n\t\t\t\t\t\t\t\t<div class=\"elementor-field-type-textarea elementor-field-group elementor-column elementor-field-group-message elementor-col-100\">\n\t\t\t\t\t<textarea class=\"elementor-field-textual elementor-field  elementor-size-sm\" name=\"form_fields[message]\" id=\"form-field-message\" rows=\"1\" placeholder=\"A tindre en compte\u2026\"><\/textarea>\t\t\t\t<\/div>\n\t\t\t\t\t\t\t\t<div class=\"elementor-field-type-acceptance elementor-field-group elementor-column elementor-field-group-field_f160996 elementor-col-100\">\n\t\t\t\t\t\t\t<div class=\"elementor-field-subgroup\">\n\t\t\t<span class=\"elementor-field-option\">\n\t\t\t\t<input type=\"checkbox\" name=\"form_fields[field_f160996]\" id=\"form-field-field_f160996\" class=\"elementor-field elementor-size-sm  elementor-acceptance-field\">\n\t\t\t\t<label for=\"form-field-field_f160996\">En proporcionar les teues dades de contacte a trav\u00e9s d'este formulari, acceptes que Festival Bucles utilitze la informaci\u00f3 subministrada exclusivament per a gestionar el lliurament de les entrades a l'esdeveniment. Les teues dades seran tractades d'acord amb la normativa de protecci\u00f3 de dades aplicable i no seran compartits amb tercers sense el teu consentiment, excepte per obligaci\u00f3 legal. Si necessites m\u00e9s informaci\u00f3 visita la nostra <a href=\"https:\/\/pruebas.festivalbucles.com\/vl\/politica-de-privacitat\/\">Pol\u00edtica de privacitat.<\/a>  <\/label>\t\t\t<\/span>\n\t\t<\/div>\n\t\t\t\t\t\t<\/div>\n\t\t\t\t\t\t\t\t<div class=\"elementor-field-group elementor-column elementor-field-type-submit elementor-col-100 e-form__buttons\">\n\t\t\t\t\t<button class=\"elementor-button elementor-size-sm\" type=\"submit\">\n\t\t\t\t\t\t<span class=\"elementor-button-content-wrapper\">\n\t\t\t\t\t\t\t\t\t\t\t\t\t\t\t\t\t\t\t\t\t\t<span class=\"elementor-button-text\">Enviar<\/span>\n\t\t\t\t\t\t\t\t\t\t\t\t\t<\/span>\n\t\t\t\t\t<\/button>\n\t\t\t\t<\/div>\n\t\t\t<\/div>\n\t\t<\/form>\n\t\t\t\t\t\t<\/div>\n\t\t\t\t\t<\/div>\n\t\t\t\t<\/div>\n\t\t\t\t<\/div>\n\t\t","protected":false},"excerpt":{"rendered":"<p>Vols vindre a un esdeveniment? Si vols acudir a algun d&#8217;estos esdeveniments, per favor, emplena les teues dades en el formulari per a sol\u00b7licitar l&#8217;entrada. En breu ens posarem en contacte amb tu: Replena este formulari<\/p>\n","protected":false},"author":1,"featured_media":0,"parent":0,"menu_order":11,"comment_status":"closed","ping_status":"closed","template":"elementor_header_footer","meta":{"footnotes":""},"class_list":["post-19443","page","type-page","status-publish","hentry"],"_links":{"self":[{"href":"https:\/\/pruebas.festivalbucles.com\/vl\/wp-json\/wp\/v2\/pages\/19443","targetHints":{"allow":["GET"]}}],"collection":[{"href":"https:\/\/pruebas.festivalbucles.com\/vl\/wp-json\/wp\/v2\/pages"}],"about":[{"href":"https:\/\/pruebas.festivalbucles.com\/vl\/wp-json\/wp\/v2\/types\/page"}],"author":[{"embeddable":true,"href":"https:\/\/pruebas.festivalbucles.com\/vl\/wp-json\/wp\/v2\/users\/1"}],"replies":[{"embeddable":true,"href":"https:\/\/pruebas.festivalbucles.com\/vl\/wp-json\/wp\/v2\/comments?post=19443"}],"version-history":[{"count":3,"href":"https:\/\/pruebas.festivalbucles.com\/vl\/wp-json\/wp\/v2\/pages\/19443\/revisions"}],"predecessor-version":[{"id":19534,"href":"https:\/\/pruebas.festivalbucles.com\/vl\/wp-json\/wp\/v2\/pages\/19443\/revisions\/19534"}],"wp:attachment":[{"href":"https:\/\/pruebas.festivalbucles.com\/vl\/wp-json\/wp\/v2\/media?parent=19443"}],"curies":[{"name":"wp","href":"https:\/\/api.w.org\/{rel}","templated":true}]}}