{"id":18492,"date":"2025-12-22T10:17:51","date_gmt":"2025-12-22T09:17:51","guid":{"rendered":"https:\/\/pruebas.festivalbucles.com\/equip\/"},"modified":"2026-03-11T19:34:27","modified_gmt":"2026-03-11T18:34:27","slug":"equip","status":"publish","type":"page","link":"https:\/\/pruebas.festivalbucles.com\/vl\/equip\/","title":{"rendered":"Equip"},"content":{"rendered":"\t\t<div data-elementor-type=\"wp-page\" data-elementor-id=\"18492\" class=\"elementor elementor-18492 elementor-16869\" data-elementor-post-type=\"page\">\n\t\t\t\t<div class=\"elementor-element elementor-element-5c977f4 e-flex e-con-boxed e-con e-parent\" data-id=\"5c977f4\" data-element_type=\"container\" data-e-type=\"container\">\n\t\t\t\t\t<div class=\"e-con-inner\">\n\t\t<div class=\"elementor-element elementor-element-c68f55e e-con-full e-flex e-con e-child\" data-id=\"c68f55e\" data-element_type=\"container\" data-e-type=\"container\">\n\t\t\t\t<div class=\"elementor-element elementor-element-8a454f8 elementor-widget elementor-widget-heading\" data-id=\"8a454f8\" data-element_type=\"widget\" data-e-type=\"widget\" data-widget_type=\"heading.default\">\n\t\t\t\t\t<h1 class=\"elementor-heading-title elementor-size-default\">Equip\n<\/h1>\t\t\t\t<\/div>\n\t\t\t\t<div class=\"elementor-element elementor-element-ca7e277 elementor-widget elementor-widget-heading\" data-id=\"ca7e277\" data-element_type=\"widget\" data-e-type=\"widget\" data-widget_type=\"heading.default\">\n\t\t\t\t\t<h1 class=\"elementor-heading-title elementor-size-default\">DIRECCI\u00d3 ART\u00cdSTICA I EXECUTIVA \/\n<\/h1>\t\t\t\t<\/div>\n\t\t\t\t<div class=\"elementor-element elementor-element-c238831 elementor-widget elementor-widget-heading\" data-id=\"c238831\" data-element_type=\"widget\" data-e-type=\"widget\" data-widget_type=\"heading.default\">\n\t\t\t\t\t<h3 class=\"elementor-heading-title elementor-size-default\">ISABELA ALFARO\n<\/h3>\t\t\t\t<\/div>\n\t\t\t\t<div class=\"elementor-element elementor-element-0436100 elementor-widget elementor-widget-text-editor\" data-id=\"0436100\" data-element_type=\"widget\" data-e-type=\"widget\" data-widget_type=\"text-editor.default\">\n\t\t\t\t\t\t\t\t\t<p>Isabela Alfaro \u00e9s ballarina, core\u00f2grafa, professora de dansa contempor\u00e0nia i gestora cultural. \u00c9s directora del Festival Circuit Bucles, un referent en la dansa contempor\u00e0nia valenciana. Des de 2013, impulsa este projecte amb una clara vocaci\u00f3: explorar noves formes de pres\u00e8ncia esc\u00e8nica en espais no tradicionals, acostant la dansa a p\u00fablics diversos des d\u2019una mirada oberta i contempor\u00e0nia.  <\/p><p>A m\u00e9s de Bucles, dirigix altres festivals com el Festival DAMA a la Comunitat Valenciana i lidera la companyia Produccions Bucles, plataforma des de la qual dissenya, crea i produ\u00efx peces coreogr\u00e0fiques pr\u00f2pies i col\u00b7laboratives. El seu treball combina innovaci\u00f3 art\u00edstica, mediaci\u00f3 cultural i comprom\u00eds amb el territori. <\/p><p>Amb una s\u00f2lida formaci\u00f3 en dansa, art i gesti\u00f3 cultural, Isabela Alfaro ha consolidat una traject\u00f2ria que creua creaci\u00f3, doc\u00e8ncia i producci\u00f3, posicionant-se com una figura clau en el panorama esc\u00e8nic contemporani.<\/p>\t\t\t\t\t\t\t\t<\/div>\n\t\t\t\t<div class=\"elementor-element elementor-element-825cd4d elementor-widget elementor-widget-image\" data-id=\"825cd4d\" data-element_type=\"widget\" data-e-type=\"widget\" data-widget_type=\"image.default\">\n\t\t\t\t\t\t\t\t\t\t\t\t\t\t\t<img decoding=\"async\" width=\"500\" height=\"66\" src=\"https:\/\/pruebas.festivalbucles.com\/wp-content\/uploads\/2025\/06\/LOGO-BUCLES-FESTIVAL-25.png\" class=\"attachment-large size-large wp-image-13961\" alt=\"LOGO mini\" srcset=\"https:\/\/pruebas.festivalbucles.com\/wp-content\/uploads\/2025\/06\/LOGO-BUCLES-FESTIVAL-25.png 500w, https:\/\/pruebas.festivalbucles.com\/wp-content\/uploads\/2025\/06\/LOGO-BUCLES-FESTIVAL-25-480x63.png 480w\" sizes=\"(max-width: 500px) 100vw, 500px\" \/>\t\t\t\t\t\t\t\t\t\t\t\t\t\t\t<\/div>\n\t\t\t\t<\/div>\n\t\t<div class=\"elementor-element elementor-element-767e1ff e-con-full e-flex e-con e-child\" data-id=\"767e1ff\" data-element_type=\"container\" data-e-type=\"container\">\n\t\t\t\t<div class=\"elementor-element elementor-element-cd736cd elementor-widget elementor-widget-image\" data-id=\"cd736cd\" data-element_type=\"widget\" data-e-type=\"widget\" data-widget_type=\"image.default\">\n\t\t\t\t\t\t\t\t\t\t\t\t\t\t\t<img fetchpriority=\"high\" decoding=\"async\" width=\"659\" height=\"593\" src=\"https:\/\/pruebas.festivalbucles.com\/wp-content\/uploads\/2025\/06\/Isabela-Alfaro-directora-Festival-Bucles.webp\" class=\"attachment-large size-large wp-image-13858\" alt=\"Isabela Alfaro - directora Festival Bucles\" srcset=\"https:\/\/pruebas.festivalbucles.com\/wp-content\/uploads\/2025\/06\/Isabela-Alfaro-directora-Festival-Bucles.webp 659w, https:\/\/pruebas.festivalbucles.com\/wp-content\/uploads\/2025\/06\/Isabela-Alfaro-directora-Festival-Bucles-480x432.webp 480w\" sizes=\"(max-width: 659px) 100vw, 659px\" \/>\t\t\t\t\t\t\t\t\t\t\t\t\t\t\t<\/div>\n\t\t\t\t<\/div>\n\t\t\t\t\t<\/div>\n\t\t\t\t<\/div>\n\t\t<div class=\"elementor-element elementor-element-852c2ab e-flex e-con-boxed e-con e-parent\" data-id=\"852c2ab\" data-element_type=\"container\" data-e-type=\"container\">\n\t\t\t\t\t<div class=\"e-con-inner\">\n\t\t<div class=\"elementor-element elementor-element-32359b4 e-con-full e-flex e-con e-child\" data-id=\"32359b4\" data-element_type=\"container\" data-e-type=\"container\">\n\t\t\t\t<div class=\"elementor-element elementor-element-95aee2f elementor-widget elementor-widget-text-editor\" data-id=\"95aee2f\" data-element_type=\"widget\" data-e-type=\"widget\" data-widget_type=\"text-editor.default\">\n\t\t\t\t\t\t\t\t\t<p>Responsable de Producci\u00f3, Disseny de Projects i Assessor\u00eda Art\u00edstica de Programaci\u00f3 \/ Cristina Reolid<br>Producci\u00f3n \/ Esther Pedr\u00f3s<br>Coordinadors \/ Cristina Reolid, Esther Pedr\u00f3s, Nicky Guzman, Sara Valencia<br>Responsable T\u00e8cnic \/ Rafa Tur\u00e9gano<br>Empresa T\u00e8cnica \/ Audionet<br>Fotograf\u00eda \/ Nerea Coll \u2013 Bravastudio<br>V\u00eddeo \/ Sofia Maza<\/p>\t\t\t\t\t\t\t\t<\/div>\n\t\t\t\t<\/div>\n\t\t<div class=\"elementor-element elementor-element-049f196 e-con-full e-flex e-con e-child\" data-id=\"049f196\" data-element_type=\"container\" data-e-type=\"container\">\n\t\t\t\t<div class=\"elementor-element elementor-element-4bf3cf2 elementor-widget elementor-widget-heading\" data-id=\"4bf3cf2\" data-element_type=\"widget\" data-e-type=\"widget\" data-widget_type=\"heading.default\">\n\t\t\t\t\t<h3 class=\"elementor-heading-title elementor-size-default\">Col\u00b7laboradors<\/h3>\t\t\t\t<\/div>\n\t\t\t\t<div class=\"elementor-element elementor-element-349baed elementor-widget elementor-widget-image\" data-id=\"349baed\" data-element_type=\"widget\" data-e-type=\"widget\" data-widget_type=\"image.default\">\n\t\t\t\t\t\t\t\t\t\t\t\t\t\t\t<img decoding=\"async\" width=\"203\" height=\"157\" src=\"https:\/\/pruebas.festivalbucles.com\/wp-content\/uploads\/2025\/06\/lazo-colaboradores-equipo.png\" class=\"attachment-large size-large wp-image-13861\" alt=\"lla\u00e7 col\u00b7laboradors equip\" \/>\t\t\t\t\t\t\t\t\t\t\t\t\t\t\t<\/div>\n\t\t\t\t<\/div>\n\t\t<div class=\"elementor-element elementor-element-64a054a e-con-full e-flex e-con e-child\" data-id=\"64a054a\" data-element_type=\"container\" data-e-type=\"container\">\n\t\t\t\t<div class=\"elementor-element elementor-element-388646f elementor-widget elementor-widget-text-editor\" data-id=\"388646f\" data-element_type=\"widget\" data-e-type=\"widget\" data-widget_type=\"text-editor.default\">\n\t\t\t\t\t\t\t\t\t<p>Imatge Gr\u00e0fica \/ Sof\u00eda Frames<br>Implementaci\u00f3 Web \/ The Superway Webs<br>Responsable de Comunicaci\u00f3 \/ Sara Valencia<br>Prensa \/ Adenty<br>Publicidad y Marketing \/ Agencia Bla Bla Bla, Bing Bang Marketing<br>Idea Original \/ Isabela Alfaro<br>Co-direcci\u00f3n en las primeras ediciones \/ Isabela Alfaro i Joan Pinillos<\/p>\t\t\t\t\t\t\t\t<\/div>\n\t\t\t\t<\/div>\n\t\t\t\t\t<\/div>\n\t\t\t\t<\/div>\n\t\t<div class=\"elementor-element elementor-element-a4bbcb1 e-flex e-con-boxed e-con e-parent\" data-id=\"a4bbcb1\" data-element_type=\"container\" data-e-type=\"container\">\n\t\t\t\t\t<div class=\"e-con-inner\">\n\t\t<div class=\"elementor-element elementor-element-4fb0a2e e-con-full e-flex e-con e-child\" data-id=\"4fb0a2e\" data-element_type=\"container\" data-e-type=\"container\">\n\t\t\t\t<div class=\"elementor-element elementor-element-c450285 elementor-widget elementor-widget-text-editor\" data-id=\"c450285\" data-element_type=\"widget\" data-e-type=\"widget\" data-widget_type=\"text-editor.default\">\n\t\t\t\t\t\t\t\t\t<h4>FESTIVAL BUCLES<\/h4><p>C\/ Mat\u00edas Perell\u00f3 25-34.<br>46005 Val\u00e8ncia<br>Espanya.<\/p>\t\t\t\t\t\t\t\t<\/div>\n\t\t\t\t<\/div>\n\t\t<div class=\"elementor-element elementor-element-fc5ecce e-con-full e-flex e-con e-child\" data-id=\"fc5ecce\" data-element_type=\"container\" data-e-type=\"container\">\n\t\t\t\t<div class=\"elementor-element elementor-element-beb806c elementor-widget elementor-widget-text-editor\" data-id=\"beb806c\" data-element_type=\"widget\" data-e-type=\"widget\" data-widget_type=\"text-editor.default\">\n\t\t\t\t\t\t\t\t\t<h4>Direcci\u00f3<\/h4><p>Isabela Alfaro<br>608 040 223<br>info@festivalbucles.com<\/p>\t\t\t\t\t\t\t\t<\/div>\n\t\t\t\t<\/div>\n\t\t<div class=\"elementor-element elementor-element-737de1b e-con-full e-flex e-con e-child\" data-id=\"737de1b\" data-element_type=\"container\" data-e-type=\"container\">\n\t\t\t\t<div class=\"elementor-element elementor-element-76d0ebd elementor-widget elementor-widget-text-editor\" data-id=\"76d0ebd\" data-element_type=\"widget\" data-e-type=\"widget\" data-widget_type=\"text-editor.default\">\n\t\t\t\t\t\t\t\t\t<h4>Gabinet de premsa<\/h4><p>Responsable de comunicaci\u00f3: Sara Valencia<br>comunicacion@festivalbucles.com<\/p><p>Adenty Comunicaci\u00f3n: Antonio Rodriguez<br>arodriguez@adenty.com<\/p>\t\t\t\t\t\t\t\t<\/div>\n\t\t\t\t<\/div>\n\t\t\t\t\t<\/div>\n\t\t\t\t<\/div>\n\t\t\t\t<\/div>\n\t\t","protected":false},"excerpt":{"rendered":"<p>Equip DIRECCI\u00d3 ART\u00cdSTICA I EXECUTIVA \/ ISABELA ALFARO Isabela Alfaro \u00e9s ballarina, core\u00f2grafa, professora de dansa contempor\u00e0nia i gestora cultural. \u00c9s directora del Festival Circuit Bucles, un referent en la dansa contempor\u00e0nia valenciana. Des de 2013, impulsa este projecte amb una clara vocaci\u00f3: explorar noves formes de pres\u00e8ncia esc\u00e8nica en espais no tradicionals, acostant la [&hellip;]<\/p>\n","protected":false},"author":1,"featured_media":13858,"parent":0,"menu_order":3,"comment_status":"closed","ping_status":"closed","template":"elementor_header_footer","meta":{"footnotes":""},"class_list":["post-18492","page","type-page","status-publish","has-post-thumbnail","hentry"],"_links":{"self":[{"href":"https:\/\/pruebas.festivalbucles.com\/vl\/wp-json\/wp\/v2\/pages\/18492","targetHints":{"allow":["GET"]}}],"collection":[{"href":"https:\/\/pruebas.festivalbucles.com\/vl\/wp-json\/wp\/v2\/pages"}],"about":[{"href":"https:\/\/pruebas.festivalbucles.com\/vl\/wp-json\/wp\/v2\/types\/page"}],"author":[{"embeddable":true,"href":"https:\/\/pruebas.festivalbucles.com\/vl\/wp-json\/wp\/v2\/users\/1"}],"replies":[{"embeddable":true,"href":"https:\/\/pruebas.festivalbucles.com\/vl\/wp-json\/wp\/v2\/comments?post=18492"}],"version-history":[{"count":3,"href":"https:\/\/pruebas.festivalbucles.com\/vl\/wp-json\/wp\/v2\/pages\/18492\/revisions"}],"predecessor-version":[{"id":19468,"href":"https:\/\/pruebas.festivalbucles.com\/vl\/wp-json\/wp\/v2\/pages\/18492\/revisions\/19468"}],"wp:featuredmedia":[{"embeddable":true,"href":"https:\/\/pruebas.festivalbucles.com\/vl\/wp-json\/wp\/v2\/media\/13858"}],"wp:attachment":[{"href":"https:\/\/pruebas.festivalbucles.com\/vl\/wp-json\/wp\/v2\/media?parent=18492"}],"curies":[{"name":"wp","href":"https:\/\/api.w.org\/{rel}","templated":true}]}}